{"id":3110,"date":"2025-06-09T18:47:34","date_gmt":"2025-06-09T23:47:34","guid":{"rendered":"https:\/\/colturperu.com\/canal-de-denuncias\/"},"modified":"2025-08-27T15:54:11","modified_gmt":"2025-08-27T20:54:11","slug":"coltur-listens","status":"publish","type":"page","link":"https:\/\/colturperu.com\/en\/coltur-listens\/","title":{"rendered":"Coltur te escucha"},"content":{"rendered":"<p>[et_pb_section fb_built=&#8221;1&#8243; admin_label=&#8221;Section&#8221; _builder_version=&#8221;4.27.4&#8243; _module_preset=&#8221;default&#8221; da_disable_devices=&#8221;off|off|off&#8221; locked=&#8221;off&#8221; global_colors_info=&#8221;{}&#8221; da_is_popup=&#8221;off&#8221; da_exit_intent=&#8221;off&#8221; da_has_close=&#8221;on&#8221; da_alt_close=&#8221;off&#8221; da_dark_close=&#8221;off&#8221; da_not_modal=&#8221;on&#8221; da_is_singular=&#8221;off&#8221; da_with_loader=&#8221;off&#8221; da_has_shadow=&#8221;on&#8221;][et_pb_row column_structure=&#8221;1_2,1_2&#8243; gutter_width=&#8221;1&#8243; make_equal=&#8221;on&#8221; _builder_version=&#8221;4.27.4&#8243; _module_preset=&#8221;default&#8221; custom_padding=&#8221;0vw|0vw|0vw|0vw|true|false&#8221; global_colors_info=&#8221;{}&#8221;][et_pb_column type=&#8221;1_2&#8243; _builder_version=&#8221;4.27.4&#8243; _module_preset=&#8221;default&#8221; custom_padding=&#8221;5vw|4vw|5vw|4vw|true|true&#8221; custom_padding_tablet=&#8221;0vw|0vw|5vw|0vw|false|true&#8221; custom_padding_phone=&#8221;0vw|0vw||0vw|false|true&#8221; custom_padding_last_edited=&#8221;on|tablet&#8221; border_width_right=&#8221;1px&#8221; border_width_right_tablet=&#8221;0px&#8221; border_width_right_phone=&#8221;0px&#8221; border_width_right_last_edited=&#8221;on|desktop&#8221; global_colors_info=&#8221;{}&#8221;][et_pb_text _builder_version=&#8221;4.27.4&#8243; _module_preset=&#8221;72c22834-d89d-4b51-90d1-681a6b146f6c&#8221; header_3_font_size=&#8221;5em&#8221; text_orientation=&#8221;center&#8221; custom_margin=&#8221;auto||1.5em||false|false&#8221; custom_margin_tablet=&#8221;5vw||3em||false|false&#8221; custom_margin_phone=&#8221;4vw||3em||false|false&#8221; custom_margin_last_edited=&#8221;on|phone&#8221; header_3_font_size_tablet=&#8221;10em&#8221; header_3_font_size_phone=&#8221;10em&#8221; header_3_font_size_last_edited=&#8221;on|phone&#8221; locked=&#8221;off&#8221; global_colors_info=&#8221;{}&#8221;]<\/p>\n<h3>COLTUR Listens<\/h3>\n<p>[\/et_pb_text][et_pb_text _builder_version=&#8221;4.27.4&#8243; _module_preset=&#8221;default&#8221; text_orientation=&#8221;center&#8221; custom_margin=&#8221;||50px||false|false&#8221; locked=&#8221;off&#8221; global_colors_info=&#8221;{}&#8221;]This space was created for travelers, clients, partners, and team members to safely and confidentially share any concerns, suggestions, or feedback that can help us keep improving. At COLTUR, we believe listening is the first step to creating positive impact and building relationships based on trust and respect.[\/et_pb_text][et_pb_image src=&#8221;https:\/\/colturperu.com\/wp-content\/uploads\/2025\/08\/Arequipa-ArchaeologicalSites-UyoUyo-Peru.jpg&#8221; title_text=&#8221;Arequipa-ArchaeologicalSites-UyoUyo-Peru&#8221; align=&#8221;center&#8221; _builder_version=&#8221;4.27.4&#8243; _module_preset=&#8221;_initial&#8221; custom_margin=&#8221;||auto||false|false&#8221; custom_margin_tablet=&#8221;||7vw||false|false&#8221; custom_margin_phone=&#8221;||10vw||false|false&#8221; custom_margin_last_edited=&#8221;on|phone&#8221; custom_padding_tablet=&#8221;|5vw||5vw|false|true&#8221; custom_padding_phone=&#8221;|5vw||5vw|false|true&#8221; custom_padding_last_edited=&#8221;on|phone&#8221; locked=&#8221;off&#8221; global_colors_info=&#8221;{}&#8221;][\/et_pb_image][\/et_pb_column][et_pb_column type=&#8221;1_2&#8243; _builder_version=&#8221;4.27.4&#8243; _module_preset=&#8221;default&#8221; custom_padding=&#8221;5vw|4vw|5vw|4vw|false|true&#8221; custom_padding_tablet=&#8221;2.5vw|0vw||0vw|false|true&#8221; custom_padding_phone=&#8221;2.5vw|0vw|5vw|0vw|false|true&#8221; custom_padding_last_edited=&#8221;on|phone&#8221; custom_css_main_element=&#8221;display:flex;||flex-direction:column;&#8221; global_colors_info=&#8221;{}&#8221;][et_pb_code _builder_version=&#8221;4.27.4&#8243; _module_preset=&#8221;default&#8221; custom_css_main_element=&#8221;font-size:1em;&#8221; global_colors_info=&#8221;{}&#8221; custom_css_main_element_last_edited=&#8221;on|tablet&#8221; custom_css_main_element_phone=&#8221;&#8211;grid-row-gap: 3.5vw;||font-size:2.75em;&#8221; custom_css_main_element_tablet=&#8221;&#8211;grid-row-gap: 3.5vw;||font-size:2.75em;&#8221;]\n<div class=\"wpcf7 no-js\" id=\"wpcf7-f3140-o1\" lang=\"en-US\" dir=\"ltr\" data-wpcf7-id=\"3140\">\n<div class=\"screen-reader-response\"><p role=\"status\" aria-live=\"polite\" aria-atomic=\"true\"><\/p> <ul><\/ul><\/div>\n<form action=\"\/en\/wp-json\/wp\/v2\/pages\/3110#wpcf7-f3140-o1\" method=\"post\" class=\"wpcf7-form init wpcf7-acceptance-as-validation\" aria-label=\"Contact form\" novalidate=\"novalidate\" data-status=\"init\">\n<fieldset class=\"hidden-fields-container\"><input type=\"hidden\" name=\"_wpcf7\" value=\"3140\" \/><input type=\"hidden\" name=\"_wpcf7_version\" value=\"6.1.4\" \/><input type=\"hidden\" name=\"_wpcf7_locale\" value=\"en_US\" \/><input type=\"hidden\" name=\"_wpcf7_unit_tag\" value=\"wpcf7-f3140-o1\" \/><input type=\"hidden\" name=\"_wpcf7_container_post\" value=\"0\" \/><input type=\"hidden\" name=\"_wpcf7_posted_data_hash\" value=\"\" \/><input type=\"hidden\" name=\"_wpcf7_recaptcha_response\" value=\"\" \/>\n<\/fieldset>\n<div class=\"form\">\n    <div class=\"gRow gRow--noRowGap\">\n        <div class=\"gCol sm-12 md-12\">\n            <label class=\"label\" for=\"c-firstname\">Help us by entering your full name:<\/label>\n        <\/div>\n        <div class=\"gCol sm-12 md-12 lg-12\">\n            <div class=\"control control--inblock\">\n                <div class=\"control__box\"><span class=\"wpcf7-form-control-wrap\" data-name=\"c-firstname\"><input size=\"40\" maxlength=\"400\" class=\"wpcf7-form-control wpcf7-text wpcf7-validates-as-required field text-only\" id=\"c-firstname\" aria-required=\"true\" aria-invalid=\"false\" value=\"\" type=\"text\" name=\"c-firstname\" \/><\/span><span class=\"c-error\" style=\"display:none;\">*This field is required.<\/span><\/div>\n            <\/div>\n        <\/div>\n    <\/div>\n\n    <div class=\"gRow gRow--noRowGap\">\n        <div class=\"gCol sm-12 md-12\">\n            <label class=\"label\" for=\"c-company\">Describe the situation you wish to report: <\/label>\n        <\/div>\n        <div class=\"gCol sm-12 md-12\">\n            <div class=\"control control--inblock\">\n                <div class=\"control__box\"><span class=\"wpcf7-form-control-wrap\" data-name=\"c-situacion\"><textarea cols=\"40\" rows=\"7\" maxlength=\"2000\" class=\"wpcf7-form-control wpcf7-textarea wpcf7-validates-as-required field\" id=\"c-situacion\" aria-required=\"true\" aria-invalid=\"false\" name=\"c-situacion\"><\/textarea><\/span><\/div>\n            <\/div>\n        <\/div>\n    <\/div>\n\n    <div class=\"gRow gRow--noRowGap\">\n        <div class=\"gCol sm-12 md-12\">\n            <label class=\"label\" for=\"c-mail\">Questions and comments: <\/label>\n        <\/div>\n        <div class=\"gCol sm-12 md-12\">\n            <div class=\"control control--inblock\">\n                <div class=\"control__box\"><span class=\"wpcf7-form-control-wrap\" data-name=\"c-preguntascomentarios\"><textarea cols=\"40\" rows=\"7\" maxlength=\"2000\" class=\"wpcf7-form-control wpcf7-textarea wpcf7-validates-as-required field\" id=\"c-preguntascomentarios\" aria-required=\"true\" aria-invalid=\"false\" name=\"c-preguntascomentarios\"><\/textarea><\/span><span class=\"c-error\">*This field is required.<\/span><\/div>\n            <\/div>\n        <\/div>\n    <\/div>\n\n   <div class=\"gRow gRow--noRowGap\">\n        <div class=\"gCol sm-12 md-12\">\n            <label class=\"label\" for=\"c-mail\">We respect your confidentiality; but, if you wish, you can leave us your email, phone number or other contact information (not mandatory):  <\/label>\n        <\/div>\n        <div class=\"gCol sm-12 md-12\">\n            <div class=\"control control--inblock\">\n                <div class=\"control__box\"><span class=\"wpcf7-form-control-wrap\" data-name=\"c-contacto\"><input size=\"40\" maxlength=\"400\" class=\"wpcf7-form-control wpcf7-text wpcf7-validates-as-required field text-only\" id=\"c-contacto\" aria-required=\"true\" aria-invalid=\"false\" value=\"\" type=\"text\" name=\"c-contacto\" \/><\/span><\/div>\n            <\/div>\n        <\/div>\n    <\/div>\n    <div class=\"gRow gRow--noRowGap\">\n        <div class=\"gCol sm-12 md-12\">\n            <div class=\"control control--accept\">\n                <div class=\"control__verify\"><span class=\"wpcf7-form-control-wrap\" data-name=\"c-policies\"><span class=\"wpcf7-form-control wpcf7-acceptance\"><span class=\"wpcf7-list-item\"><label><input type=\"checkbox\" name=\"c-policies\" value=\"1\" class=\"checkbox\" id=\"c-policies\" aria-invalid=\"false\" \/><span class=\"wpcf7-list-item-label\">I accept the  <a href=\"\/\/colturperu.com\/politica-de-proteccion-de-datos\/\" target=\"_parent\" style=\"text-decoration:underline\">Privacy Policy<\/a> and consent to the use of my data.<\/span><\/label><\/span><\/span><\/span><\/div>\n            <\/div>\n        <\/div>\n    <\/div>\n\n    <div class=\"gRow\">\n        <div class=\"gCol sm-12 md-12\">\n            <button class=\"button button--primary button--outlined button--padding-x2 wpcf7-form-control wpcf7-submit\" type=\"submit\" data-icon=\"\uf061\">Send<\/button>\n            <span class=\"wpcf7-spinner\"><\/span>\n        <\/div>\n    <\/div>\n<\/div>\n\n<div style=\"display:none\">\n<style>\n.c-error{\nfont-style: italic;\nfont-size: .875em;\ncolor: #d15939;\ndisplay:none;\n}\n.wpcf7-not-valid-tip{\ndisplay:none!important;\n}\nspan.wpcf7-not-valid + .wpcf7-not-valid-tip{\ndisplay:block!important;\n}\n<\/style>\n<script type=\"text\/javascript\">\nvar wpcf7Elm = document.querySelector( '.wpcf7' );\nwpcf7Elm.addEventListener( 'wpcf7invalid', function( event ) {\n  document.querySelectorAll('.c-error').forEach(function (el) {\n      el.style.display = 'none';\n  });\n  var inputs = event.detail.apiResponse.invalid_fields;\n  const invalidFields = event.detail.apiResponse.invalid_fields;\n    invalidFields.forEach(function (field) {\n      const errorId = field.idref;\n      const errorSpan = document.getElementById(`${errorId}`);\n      if (errorSpan) {\n        const parent = errorSpan.closest('.control');\n        const customError = parent ? parent.querySelector('.c-error') : null;\n        if (customError) {\n          customError.style.display = 'block';\n        }\n      }\n    });\n}, false );\n<\/script>\n<\/div><div class=\"wpcf7-response-output\" aria-hidden=\"true\"><\/div>\n<\/form>\n<\/div>\n[\/et_pb_code][\/et_pb_column][\/et_pb_row][\/et_pb_section]<\/p>\n","protected":false},"excerpt":{"rendered":"<p>COLTUR ListensThis space was created for travelers, clients, partners, and team members to safely and confidentially share any concerns, suggestions, or feedback that can help us keep improving. At COLTUR, we believe listening is the first step to creating positive impact and building relationships based on trust and respect.\n<div class=\"wpcf7 no-js\" id=\"wpcf7-f3140-o2\" lang=\"en-US\" dir=\"ltr\" data-wpcf7-id=\"3140\">\n<div class=\"screen-reader-response\"><p role=\"status\" aria-live=\"polite\" aria-atomic=\"true\"><\/p> <ul><\/ul><\/div>\n<form action=\"\/en\/wp-json\/wp\/v2\/pages\/3110#wpcf7-f3140-o2\" method=\"post\" class=\"wpcf7-form init wpcf7-acceptance-as-validation\" aria-label=\"Contact form\" novalidate=\"novalidate\" data-status=\"init\">\n<fieldset class=\"hidden-fields-container\"><input type=\"hidden\" name=\"_wpcf7\" value=\"3140\" \/><input type=\"hidden\" name=\"_wpcf7_version\" value=\"6.1.4\" \/><input type=\"hidden\" name=\"_wpcf7_locale\" value=\"en_US\" \/><input type=\"hidden\" name=\"_wpcf7_unit_tag\" value=\"wpcf7-f3140-o2\" \/><input type=\"hidden\" name=\"_wpcf7_container_post\" value=\"0\" \/><input type=\"hidden\" name=\"_wpcf7_posted_data_hash\" value=\"\" \/><input type=\"hidden\" name=\"_wpcf7_recaptcha_response\" value=\"\" \/>\n<\/fieldset>\n<div class=\"form\">\n    <div class=\"gRow gRow--noRowGap\">\n        <div class=\"gCol sm-12 md-12\">\n            <label class=\"label\" for=\"c-firstname\">Help us by entering your full name:<\/label>\n        <\/div>\n        <div class=\"gCol sm-12 md-12 lg-12\">\n            <div class=\"control control--inblock\">\n                <div class=\"control__box\"><span class=\"wpcf7-form-control-wrap\" data-name=\"c-firstname\"><input size=\"40\" maxlength=\"400\" class=\"wpcf7-form-control wpcf7-text wpcf7-validates-as-required field text-only\" aria-required=\"true\" aria-invalid=\"false\" value=\"\" type=\"text\" name=\"c-firstname\" \/><\/span><span class=\"c-error\" style=\"display:none;\">*This field is required.<\/span><\/div>\n            <\/div>\n        <\/div>\n    <\/div>\n\n    <div class=\"gRow gRow--noRowGap\">\n        <div class=\"gCol sm-12 md-12\">\n            <label class=\"label\" for=\"c-company\">Describe the situation you wish to report: <\/label>\n        <\/div>\n        <div class=\"gCol sm-12 md-12\">\n            <div class=\"control control--inblock\">\n                <div class=\"control__box\"><span class=\"wpcf7-form-control-wrap\" data-name=\"c-situacion\"><textarea cols=\"40\" rows=\"7\" maxlength=\"2000\" class=\"wpcf7-form-control wpcf7-textarea wpcf7-validates-as-required field\" aria-required=\"true\" aria-invalid=\"false\" name=\"c-situacion\"><\/textarea><\/span><\/div>\n            <\/div>\n        <\/div>\n    <\/div>\n\n    <div class=\"gRow gRow--noRowGap\">\n        <div class=\"gCol sm-12 md-12\">\n            <label class=\"label\" for=\"c-mail\">Questions and comments: <\/label>\n        <\/div>\n        <div class=\"gCol sm-12 md-12\">\n            <div class=\"control control--inblock\">\n                <div class=\"control__box\"><span class=\"wpcf7-form-control-wrap\" data-name=\"c-preguntascomentarios\"><textarea cols=\"40\" rows=\"7\" maxlength=\"2000\" class=\"wpcf7-form-control wpcf7-textarea wpcf7-validates-as-required field\" aria-required=\"true\" aria-invalid=\"false\" name=\"c-preguntascomentarios\"><\/textarea><\/span><span class=\"c-error\">*This field is required.<\/span><\/div>\n            <\/div>\n        <\/div>\n    <\/div>\n\n   <div class=\"gRow gRow--noRowGap\">\n        <div class=\"gCol sm-12 md-12\">\n            <label class=\"label\" for=\"c-mail\">We respect your confidentiality; but, if you wish, you can leave us your email, phone number or other contact information (not mandatory):  <\/label>\n        <\/div>\n        <div class=\"gCol sm-12 md-12\">\n            <div class=\"control control--inblock\">\n                <div class=\"control__box\"><span class=\"wpcf7-form-control-wrap\" data-name=\"c-contacto\"><input size=\"40\" maxlength=\"400\" class=\"wpcf7-form-control wpcf7-text wpcf7-validates-as-required field text-only\" aria-required=\"true\" aria-invalid=\"false\" value=\"\" type=\"text\" name=\"c-contacto\" \/><\/span><\/div>\n            <\/div>\n        <\/div>\n    <\/div>\n    <div class=\"gRow gRow--noRowGap\">\n        <div class=\"gCol sm-12 md-12\">\n            <div class=\"control control--accept\">\n                <div class=\"control__verify\"><span class=\"wpcf7-form-control-wrap\" data-name=\"c-policies\"><span class=\"wpcf7-form-control wpcf7-acceptance\"><span class=\"wpcf7-list-item\"><label><input type=\"checkbox\" name=\"c-policies\" value=\"1\" class=\"checkbox\" aria-invalid=\"false\" \/><span class=\"wpcf7-list-item-label\">I accept the  <a href=\"\/\/colturperu.com\/politica-de-proteccion-de-datos\/\" target=\"_parent\" style=\"text-decoration:underline\">Privacy Policy<\/a> and consent to the use of my data.<\/span><\/label><\/span><\/span><\/span><\/div>\n            <\/div>\n        <\/div>\n    <\/div>\n\n    <div class=\"gRow\">\n        <div class=\"gCol sm-12 md-12\">\n            <button class=\"button button--primary button--outlined button--padding-x2 wpcf7-form-control wpcf7-submit\" type=\"submit\" data-icon=\"\uf061\">Send<\/button>\n            <span class=\"wpcf7-spinner\"><\/span>\n        <\/div>\n    <\/div>\n<\/div>\n\n<div style=\"display:none\">\n<style>\n.c-error{\nfont-style: italic;\nfont-size: .875em;\ncolor: #d15939;\ndisplay:none;\n}\n.wpcf7-not-valid-tip{\ndisplay:none!important;\n}\nspan.wpcf7-not-valid + .wpcf7-not-valid-tip{\ndisplay:block!important;\n}\n<\/style>\n<script type=\"text\/javascript\">\nvar wpcf7Elm = document.querySelector( '.wpcf7' );\nwpcf7Elm.addEventListener( 'wpcf7invalid', function( event ) {\n  document.querySelectorAll('.c-error').forEach(function (el) {\n      el.style.display = 'none';\n  });\n  var inputs = event.detail.apiResponse.invalid_fields;\n  const invalidFields = event.detail.apiResponse.invalid_fields;\n    invalidFields.forEach(function (field) {\n      const errorId = field.idref;\n      const errorSpan = document.getElementById(`${errorId}`);\n      if (errorSpan) {\n        const parent = errorSpan.closest('.control');\n        const customError = parent ? parent.querySelector('.c-error') : null;\n        if (customError) {\n          customError.style.display = 'block';\n        }\n      }\n    });\n}, false );\n<\/script>\n<\/div><div class=\"wpcf7-response-output\" aria-hidden=\"true\"><\/div>\n<\/form>\n<\/div>\n<\/p>\n","protected":false},"author":1,"featured_media":0,"parent":0,"menu_order":0,"comment_status":"closed","ping_status":"closed","template":"","meta":{"_et_pb_use_builder":"on","_et_pb_old_content":"","_et_gb_content_width":"","footnotes":""},"class_list":["post-3110","page","type-page","status-publish","hentry"],"yoast_head":"<!-- This site is optimized with the Yoast SEO plugin v26.5 - https:\/\/yoast.com\/wordpress\/plugins\/seo\/ -->\n<title>COLTUR | Coltur te escucha<\/title>\n<meta name=\"robots\" content=\"index, follow, max-snippet:-1, max-image-preview:large, max-video-preview:-1\" \/>\n<link rel=\"canonical\" href=\"https:\/\/colturperu.com\/en\/coltur-listens\/\" \/>\n<meta property=\"og:locale\" content=\"en_US\" \/>\n<meta property=\"og:type\" content=\"article\" \/>\n<meta property=\"og:title\" content=\"COLTUR | Coltur te escucha\" \/>\n<meta property=\"og:description\" content=\"COLTUR ListensThis space was created for travelers, clients, partners, and team members to safely and confidentially share any concerns, suggestions, or feedback that can help us keep improving. At COLTUR, we believe listening is the first step to creating positive impact and building relationships based on trust and respect.\" \/>\n<meta property=\"og:url\" content=\"https:\/\/colturperu.com\/en\/coltur-listens\/\" \/>\n<meta property=\"og:site_name\" content=\"COLTUR\" \/>\n<meta property=\"article:modified_time\" content=\"2025-08-27T20:54:11+00:00\" \/>\n<meta name=\"twitter:card\" content=\"summary_large_image\" \/>\n<meta name=\"twitter:label1\" content=\"Est. reading time\" \/>\n\t<meta name=\"twitter:data1\" content=\"2 minutes\" \/>\n<script type=\"application\/ld+json\" class=\"yoast-schema-graph\">{\"@context\":\"https:\/\/schema.org\",\"@graph\":[{\"@type\":\"WebPage\",\"@id\":\"https:\/\/colturperu.com\/en\/coltur-listens\/\",\"url\":\"https:\/\/colturperu.com\/en\/coltur-listens\/\",\"name\":\"COLTUR | Coltur te escucha\",\"isPartOf\":{\"@id\":\"https:\/\/colturperu.com\/en\/#website\"},\"datePublished\":\"2025-06-09T23:47:34+00:00\",\"dateModified\":\"2025-08-27T20:54:11+00:00\",\"breadcrumb\":{\"@id\":\"https:\/\/colturperu.com\/en\/coltur-listens\/#breadcrumb\"},\"inLanguage\":\"en-US\",\"potentialAction\":[{\"@type\":\"ReadAction\",\"target\":[\"https:\/\/colturperu.com\/en\/coltur-listens\/\"]}]},{\"@type\":\"BreadcrumbList\",\"@id\":\"https:\/\/colturperu.com\/en\/coltur-listens\/#breadcrumb\",\"itemListElement\":[{\"@type\":\"ListItem\",\"position\":1,\"name\":\"Portada\",\"item\":\"https:\/\/colturperu.com\/en\/\"},{\"@type\":\"ListItem\",\"position\":2,\"name\":\"Coltur te escucha\"}]},{\"@type\":\"WebSite\",\"@id\":\"https:\/\/colturperu.com\/en\/#website\",\"url\":\"https:\/\/colturperu.com\/en\/\",\"name\":\"COLTUR\",\"description\":\"Somos un DMC con sede en Per\u00fa. Y, desde 1957, nuestrosclientes nos conf\u00edan el dise\u00f1o de experiencias de viaje extraordinarias yoperaci\u00f3n impecable.\",\"potentialAction\":[{\"@type\":\"SearchAction\",\"target\":{\"@type\":\"EntryPoint\",\"urlTemplate\":\"https:\/\/colturperu.com\/en\/?s={search_term_string}\"},\"query-input\":{\"@type\":\"PropertyValueSpecification\",\"valueRequired\":true,\"valueName\":\"search_term_string\"}}],\"inLanguage\":\"en-US\"}]}<\/script>\n<!-- \/ Yoast SEO plugin. -->","yoast_head_json":{"title":"COLTUR | Coltur te escucha","robots":{"index":"index","follow":"follow","max-snippet":"max-snippet:-1","max-image-preview":"max-image-preview:large","max-video-preview":"max-video-preview:-1"},"canonical":"https:\/\/colturperu.com\/en\/coltur-listens\/","og_locale":"en_US","og_type":"article","og_title":"COLTUR | Coltur te escucha","og_description":"COLTUR ListensThis space was created for travelers, clients, partners, and team members to safely and confidentially share any concerns, suggestions, or feedback that can help us keep improving. At COLTUR, we believe listening is the first step to creating positive impact and building relationships based on trust and respect.","og_url":"https:\/\/colturperu.com\/en\/coltur-listens\/","og_site_name":"COLTUR","article_modified_time":"2025-08-27T20:54:11+00:00","twitter_card":"summary_large_image","twitter_misc":{"Est. reading time":"2 minutes"},"schema":{"@context":"https:\/\/schema.org","@graph":[{"@type":"WebPage","@id":"https:\/\/colturperu.com\/en\/coltur-listens\/","url":"https:\/\/colturperu.com\/en\/coltur-listens\/","name":"COLTUR | Coltur te escucha","isPartOf":{"@id":"https:\/\/colturperu.com\/en\/#website"},"datePublished":"2025-06-09T23:47:34+00:00","dateModified":"2025-08-27T20:54:11+00:00","breadcrumb":{"@id":"https:\/\/colturperu.com\/en\/coltur-listens\/#breadcrumb"},"inLanguage":"en-US","potentialAction":[{"@type":"ReadAction","target":["https:\/\/colturperu.com\/en\/coltur-listens\/"]}]},{"@type":"BreadcrumbList","@id":"https:\/\/colturperu.com\/en\/coltur-listens\/#breadcrumb","itemListElement":[{"@type":"ListItem","position":1,"name":"Portada","item":"https:\/\/colturperu.com\/en\/"},{"@type":"ListItem","position":2,"name":"Coltur te escucha"}]},{"@type":"WebSite","@id":"https:\/\/colturperu.com\/en\/#website","url":"https:\/\/colturperu.com\/en\/","name":"COLTUR","description":"Somos un DMC con sede en Per\u00fa. Y, desde 1957, nuestrosclientes nos conf\u00edan el dise\u00f1o de experiencias de viaje extraordinarias yoperaci\u00f3n impecable.","potentialAction":[{"@type":"SearchAction","target":{"@type":"EntryPoint","urlTemplate":"https:\/\/colturperu.com\/en\/?s={search_term_string}"},"query-input":{"@type":"PropertyValueSpecification","valueRequired":true,"valueName":"search_term_string"}}],"inLanguage":"en-US"}]}},"_links":{"self":[{"href":"https:\/\/colturperu.com\/en\/wp-json\/wp\/v2\/pages\/3110","targetHints":{"allow":["GET"]}}],"collection":[{"href":"https:\/\/colturperu.com\/en\/wp-json\/wp\/v2\/pages"}],"about":[{"href":"https:\/\/colturperu.com\/en\/wp-json\/wp\/v2\/types\/page"}],"author":[{"embeddable":true,"href":"https:\/\/colturperu.com\/en\/wp-json\/wp\/v2\/users\/1"}],"replies":[{"embeddable":true,"href":"https:\/\/colturperu.com\/en\/wp-json\/wp\/v2\/comments?post=3110"}],"version-history":[{"count":13,"href":"https:\/\/colturperu.com\/en\/wp-json\/wp\/v2\/pages\/3110\/revisions"}],"predecessor-version":[{"id":3723,"href":"https:\/\/colturperu.com\/en\/wp-json\/wp\/v2\/pages\/3110\/revisions\/3723"}],"wp:attachment":[{"href":"https:\/\/colturperu.com\/en\/wp-json\/wp\/v2\/media?parent=3110"}],"curies":[{"name":"wp","href":"https:\/\/api.w.org\/{rel}","templated":true}]}}