{"id":2144,"date":"2025-03-10T22:56:00","date_gmt":"2025-03-11T03:56:00","guid":{"rendered":"https:\/\/colturperu.com\/experiencias\/"},"modified":"2025-05-04T03:37:33","modified_gmt":"2025-05-04T08:37:33","slug":"experiencias","status":"publish","type":"page","link":"https:\/\/colturperu.com\/pt\/experiencias\/","title":{"rendered":"Experi\u00eancias"},"content":{"rendered":"<p>[et_pb_section fb_built=&#8221;1&#8243; admin_label=&#8221;Secci\u00f3n ( Header )&#8221; _builder_version=&#8221;4.27.4&#8243; _module_preset=&#8221;default&#8221; da_disable_devices=&#8221;off|off|off&#8221; global_colors_info=&#8221;{}&#8221; da_is_popup=&#8221;off&#8221; da_exit_intent=&#8221;off&#8221; da_has_close=&#8221;on&#8221; da_alt_close=&#8221;off&#8221; da_dark_close=&#8221;off&#8221; da_not_modal=&#8221;on&#8221; da_is_singular=&#8221;off&#8221; da_with_loader=&#8221;off&#8221; da_has_shadow=&#8221;on&#8221;][et_pb_row column_structure=&#8221;1_4,3_4&#8243; _builder_version=&#8221;4.27.4&#8243; _module_preset=&#8221;0435e168-7c2a-4bad-bb1c-2aee0d0ce3ab&#8221; locked=&#8221;off&#8221; global_colors_info=&#8221;{}&#8221;][et_pb_column type=&#8221;1_4&#8243; _builder_version=&#8221;4.27.4&#8243; _module_preset=&#8221;default&#8221; global_colors_info=&#8221;{}&#8221;][et_pb_text _builder_version=&#8221;4.27.4&#8243; _module_preset=&#8221;e5f5bfc6-f7de-400c-bd57-dcea2c67a10f&#8221; global_colors_info=&#8221;{}&#8221;]<\/p>\n<p>Experi\u00eancias<\/p>\n<p>[\/et_pb_text][\/et_pb_column][et_pb_column type=&#8221;3_4&#8243; _builder_version=&#8221;4.27.4&#8243; _module_preset=&#8221;default&#8221; global_colors_info=&#8221;{}&#8221;][et_pb_text _builder_version=&#8221;4.27.4&#8243; _module_preset=&#8221;118c526e-6d9c-45b1-a139-4a0085e1c1c5&#8243; text_orientation=&#8221;right&#8221; locked=&#8221;off&#8221; global_colors_info=&#8221;{}&#8221;]<\/p>\n<p>O que quer que precises, \u00e9 poss\u00edvel faz\u00ea-lo no Peru, com o COLTUR.<\/p>\n<p>[\/et_pb_text][\/et_pb_column][\/et_pb_row][\/et_pb_section][et_pb_section fb_built=&#8221;1&#8243; admin_label=&#8221;Secci\u00f3n ( Experiences )&#8221; _builder_version=&#8221;4.27.4&#8243; _module_preset=&#8221;default&#8221; da_disable_devices=&#8221;off|off|off&#8221; global_colors_info=&#8221;{}&#8221; da_is_popup=&#8221;off&#8221; da_exit_intent=&#8221;off&#8221; da_has_close=&#8221;on&#8221; da_alt_close=&#8221;off&#8221; da_dark_close=&#8221;off&#8221; da_not_modal=&#8221;on&#8221; da_is_singular=&#8221;off&#8221; da_with_loader=&#8221;off&#8221; da_has_shadow=&#8221;on&#8221;][et_pb_row custom_padding_last_edited=&#8221;on|phone&#8221; module_class=&#8221;cContainerExperiences&#8221; _builder_version=&#8221;4.27.4&#8243; _module_preset=&#8221;default&#8221; custom_padding=&#8221;3em|0vw|5em|0vw|false|false&#8221; custom_padding_tablet=&#8221;5vw||10vw||false|false&#8221; custom_padding_phone=&#8221;5vw|0vw|10vw|0vw|false|false&#8221; locked=&#8221;off&#8221; global_colors_info=&#8221;{}&#8221;][et_pb_column type=&#8221;4_4&#8243; module_class=&#8221;cListExperiences jsCounterExperiences&#8221; _builder_version=&#8221;4.27.4&#8243; _module_preset=&#8221;default&#8221; sticky_limit_top=&#8221;row&#8221; sticky_limit_bottom=&#8221;row&#8221; motion_trigger_start=&#8221;bottom&#8221; custom_css_main_element=&#8221;\t\/*\/\/\/\/\/\/\/\/\/\/\/\/\/\/\/\/\/\/\/\/\/\/\/\/\/\/\/\/\/*\/||  ||  &#8211;col: 3;||  &#8211;gap: 2.8vw;||  ||  \/*%92 ||  Aplicable en &#8216;Render Final&#8217; y &#8216;Visual Builder&#8217;.||  %92*\/||  ||\t\/*\/\/\/\/\/\/\/\/\/\/\/\/\/\/\/\/\/\/\/\/\/\/\/\/\/\/\/\/\/*\/||  ||\t&#8211;totalExperiences: &#8216;X&#8217;;||  ||  \/*%92||  Si tienes clase CSS %22.jsCounterExperiences%22, ||  esta variable se actualizar\u00e1 autom\u00e1ticamente ||  en &#8216;Render Final&#8217;. ||  %92*\/||  ||\t\/*\/\/\/\/\/\/\/\/\/\/\/\/\/\/\/\/\/\/\/\/\/\/\/\/\/\/\/\/\/*\/||  ||  &#8211;stickyTop: 5vh; ||  \/*%92 ||  Aplicable solo en &#8216;Render Final&#8217;.||  %92*\/||  ||\t\/*\/\/\/\/\/\/\/\/\/\/\/\/\/\/\/\/\/\/\/\/\/\/\/\/\/\/\/\/\/*\/&#8221; global_colors_info=&#8221;{}&#8221; custom_css_main_element_last_edited=&#8221;on|phone&#8221; custom_css_main_element_tablet=&#8221;\t\/*\/\/\/\/\/\/\/\/\/\/\/\/\/\/\/\/\/\/\/\/\/\/\/\/\/\/\/\/\/*\/||  ||  &#8211;col: 1;||  &#8211;gap: 2.8vw;||  ||  \/*%92 ||  Aplicable en &#8216;Render Final&#8217; y &#8216;Visual Builder&#8217;.||  %92*\/||  ||\t\/*\/\/\/\/\/\/\/\/\/\/\/\/\/\/\/\/\/\/\/\/\/\/\/\/\/\/\/\/\/*\/||  ||\t&#8211;totalExperiences: &#8216;X&#8217;;||  ||  \/*%92||  Si tienes clase CSS %22.jsCounterExperiences%22, ||  esta variable se actualizar\u00e1 autom\u00e1ticamente ||  en &#8216;Render Final&#8217;. ||  %92*\/||  ||\t\/*\/\/\/\/\/\/\/\/\/\/\/\/\/\/\/\/\/\/\/\/\/\/\/\/\/\/\/\/\/*\/||  ||  &#8211;stickyTop: 5vh; ||  \/*%92 ||  Aplicable solo en &#8216;Render Final&#8217;.||  %92*\/||  ||\t\/*\/\/\/\/\/\/\/\/\/\/\/\/\/\/\/\/\/\/\/\/\/\/\/\/\/\/\/\/\/*\/&#8221; custom_css_main_element_phone=&#8221;\t\/*\/\/\/\/\/\/\/\/\/\/\/\/\/\/\/\/\/\/\/\/\/\/\/\/\/\/\/\/\/*\/||  ||  &#8211;col: 1;||  &#8211;gap: 2.8vw;||  ||  \/*%92 ||  Aplicable en &#8216;Render Final&#8217; y &#8216;Visual Builder&#8217;.||  %92*\/||  ||\t\/*\/\/\/\/\/\/\/\/\/\/\/\/\/\/\/\/\/\/\/\/\/\/\/\/\/\/\/\/\/*\/||  ||\t&#8211;totalExperiences: &#8216;X&#8217;;||  ||  \/*%92||  Si tienes clase CSS %22.jsCounterExperiences%22, ||  esta variable se actualizar\u00e1 autom\u00e1ticamente ||  en &#8216;Render Final&#8217;. ||  %92*\/||  ||\t\/*\/\/\/\/\/\/\/\/\/\/\/\/\/\/\/\/\/\/\/\/\/\/\/\/\/\/\/\/\/*\/||  ||  &#8211;stickyTop: 5vh; ||  \/*%92 ||  Aplicable solo en &#8216;Render Final&#8217;.||  %92*\/||  ||\t\/*\/\/\/\/\/\/\/\/\/\/\/\/\/\/\/\/\/\/\/\/\/\/\/\/\/\/\/\/\/*\/&#8221;][et_pb_blurb title=&#8221;Arte e cultura&#8221; url=&#8221;@ET-DC@eyJkeW5hbWljIjp0cnVlLCJjb250ZW50IjoicG9zdF9saW5rX3VybF9leHBlcmllbmNpYSIsInNldHRpbmdzIjp7InBvc3RfaWQiOiIxMjA1In19@&#8221; image=&#8221;https:\/\/colturperu.com\/wp-content\/uploads\/2025\/03\/expriencia-artecultura.webp&#8221; admin_label=&#8221;Anuncio ( Experience )&#8221; _builder_version=&#8221;4.27.4&#8243; _dynamic_attributes=&#8221;url&#8221; _module_preset=&#8221;37623e7d-92f3-4873-af82-2f39dd048836&#8243; global_colors_info=&#8221;{}&#8221;][\/et_pb_blurb][et_pb_blurb title=&#8221;Cultura viva&#8221; url=&#8221;@ET-DC@eyJkeW5hbWljIjp0cnVlLCJjb250ZW50IjoicG9zdF9saW5rX3VybF9leHBlcmllbmNpYSIsInNldHRpbmdzIjp7InBvc3RfaWQiOiIxMjM5In19@&#8221; image=&#8221;https:\/\/colturperu.com\/wp-content\/uploads\/2025\/03\/expriencia-culturaviva.webp&#8221; admin_label=&#8221;Anuncio ( Experience )&#8221; _builder_version=&#8221;4.27.4&#8243; _dynamic_attributes=&#8221;url&#8221; _module_preset=&#8221;37623e7d-92f3-4873-af82-2f39dd048836&#8243; link_option_url=&#8221;#&#8221; global_colors_info=&#8221;{}&#8221;][\/et_pb_blurb][et_pb_blurb title=&#8221;Aventura&#8221; url=&#8221;@ET-DC@eyJkeW5hbWljIjp0cnVlLCJjb250ZW50IjoicG9zdF9saW5rX3VybF9leHBlcmllbmNpYSIsInNldHRpbmdzIjp7InBvc3RfaWQiOiIxMjQwIn19@&#8221; image=&#8221;https:\/\/colturperu.com\/wp-content\/uploads\/2025\/03\/expriencia-aventura.webp&#8221; admin_label=&#8221;Anuncio ( Experience )&#8221; _builder_version=&#8221;4.27.4&#8243; _dynamic_attributes=&#8221;url&#8221; _module_preset=&#8221;37623e7d-92f3-4873-af82-2f39dd048836&#8243; link_option_url=&#8221;#&#8221; global_colors_info=&#8221;{}&#8221;][\/et_pb_blurb][et_pb_blurb title=&#8221;Natureza&#8221; url=&#8221;@ET-DC@eyJkeW5hbWljIjp0cnVlLCJjb250ZW50IjoicG9zdF9saW5rX3VybF9leHBlcmllbmNpYSIsInNldHRpbmdzIjp7InBvc3RfaWQiOiIxMjQxIn19@&#8221; image=&#8221;https:\/\/colturperu.com\/wp-content\/uploads\/2025\/03\/expriencia-naturaleza.webp&#8221; admin_label=&#8221;Anuncio ( Experience )&#8221; _builder_version=&#8221;4.27.4&#8243; _dynamic_attributes=&#8221;url&#8221; _module_preset=&#8221;37623e7d-92f3-4873-af82-2f39dd048836&#8243; link_option_url=&#8221;#&#8221; global_colors_info=&#8221;{}&#8221;][\/et_pb_blurb][et_pb_blurb title=&#8221;Gastronomia&#8221; url=&#8221;@ET-DC@eyJkeW5hbWljIjp0cnVlLCJjb250ZW50IjoicG9zdF9saW5rX3VybF9leHBlcmllbmNpYSIsInNldHRpbmdzIjp7InBvc3RfaWQiOiIxMjQzIn19@&#8221; image=&#8221;https:\/\/colturperu.com\/wp-content\/uploads\/2025\/03\/expriencia-gastronomia.webp&#8221; admin_label=&#8221;Anuncio ( Experience )&#8221; _builder_version=&#8221;4.27.4&#8243; _dynamic_attributes=&#8221;url&#8221; _module_preset=&#8221;37623e7d-92f3-4873-af82-2f39dd048836&#8243; link_option_url=&#8221;#&#8221; global_colors_info=&#8221;{}&#8221;][\/et_pb_blurb][et_pb_blurb title=&#8221;Bem-estar&#8221; url=&#8221;@ET-DC@eyJkeW5hbWljIjp0cnVlLCJjb250ZW50IjoicG9zdF9saW5rX3VybF9leHBlcmllbmNpYSIsInNldHRpbmdzIjp7InBvc3RfaWQiOiIxMjQ1In19@&#8221; image=&#8221;https:\/\/colturperu.com\/wp-content\/uploads\/2025\/03\/expriencia-bienestar.webp&#8221; admin_label=&#8221;Anuncio ( Experience )&#8221; _builder_version=&#8221;4.27.4&#8243; _dynamic_attributes=&#8221;url&#8221; _module_preset=&#8221;37623e7d-92f3-4873-af82-2f39dd048836&#8243; link_option_url=&#8221;#&#8221; global_colors_info=&#8221;{}&#8221;][\/et_pb_blurb][\/et_pb_column][\/et_pb_row][\/et_pb_section]<\/p>\n","protected":false},"excerpt":{"rendered":"<p>Experi\u00eancias O que quer que precises, podes faz\u00ea-lo no Peru, com o COLTUR.<\/p>\n","protected":false},"author":1,"featured_media":0,"parent":0,"menu_order":3,"comment_status":"closed","ping_status":"closed","template":"","meta":{"_et_pb_use_builder":"on","_et_pb_old_content":"","_et_gb_content_width":"","footnotes":""},"class_list":["post-2144","page","type-page","status-publish","hentry"],"yoast_head":"<!-- This site is optimized with the Yoast SEO plugin v26.5 - https:\/\/yoast.com\/wordpress\/plugins\/seo\/ -->\n<title>COLTUR | Experi\u00eancias | O que quer que precises, \u00e9 poss\u00edvel faz\u00ea-lo no Peru, com o COLTUR.<\/title>\n<meta name=\"description\" content=\"O que quer que precises, \u00e9 poss\u00edvel faz\u00ea-lo no Peru, com o COLTUR. Arte. Cultura. Vive a cultura. Aventura. Natureza. Gastronomia. Bem-estar. Sustentabilidade.\" \/>\n<meta name=\"robots\" content=\"index, follow, max-snippet:-1, max-image-preview:large, max-video-preview:-1\" \/>\n<link rel=\"canonical\" href=\"https:\/\/colturperu.com\/pt\/experiencias\/\" \/>\n<meta property=\"og:locale\" content=\"pt_PT\" \/>\n<meta property=\"og:type\" content=\"article\" \/>\n<meta property=\"og:title\" content=\"COLTUR | Experi\u00eancias | O que quer que precises, \u00e9 poss\u00edvel faz\u00ea-lo no Peru, com o COLTUR.\" \/>\n<meta property=\"og:description\" content=\"O que quer que precises, \u00e9 poss\u00edvel faz\u00ea-lo no Peru, com o COLTUR. Arte. Cultura. Vive a cultura. Aventura. Natureza. Gastronomia. Bem-estar. Sustentabilidade.\" \/>\n<meta property=\"og:url\" content=\"https:\/\/colturperu.com\/pt\/experiencias\/\" \/>\n<meta property=\"og:site_name\" content=\"COLTUR\" \/>\n<meta property=\"article:modified_time\" content=\"2025-05-04T08:37:33+00:00\" \/>\n<meta name=\"twitter:card\" content=\"summary_large_image\" \/>\n<meta name=\"twitter:label1\" content=\"Est. reading time\" \/>\n\t<meta name=\"twitter:data1\" content=\"4 minutes\" \/>\n<script type=\"application\/ld+json\" class=\"yoast-schema-graph\">{\"@context\":\"https:\/\/schema.org\",\"@graph\":[{\"@type\":\"WebPage\",\"@id\":\"https:\/\/colturperu.com\/pt\/experiencias\/\",\"url\":\"https:\/\/colturperu.com\/pt\/experiencias\/\",\"name\":\"COLTUR | Experi\u00eancias | O que quer que precises, \u00e9 poss\u00edvel faz\u00ea-lo no Peru, com o COLTUR.\",\"isPartOf\":{\"@id\":\"https:\/\/colturperu.com\/pt\/#website\"},\"datePublished\":\"2025-03-11T03:56:00+00:00\",\"dateModified\":\"2025-05-04T08:37:33+00:00\",\"description\":\"O que quer que precises, \u00e9 poss\u00edvel faz\u00ea-lo no Peru, com o COLTUR. Arte. Cultura. Vive a cultura. Aventura. Natureza. Gastronomia. Bem-estar. Sustentabilidade.\",\"breadcrumb\":{\"@id\":\"https:\/\/colturperu.com\/pt\/experiencias\/#breadcrumb\"},\"inLanguage\":\"pt-EU\",\"potentialAction\":[{\"@type\":\"ReadAction\",\"target\":[\"https:\/\/colturperu.com\/pt\/experiencias\/\"]}]},{\"@type\":\"BreadcrumbList\",\"@id\":\"https:\/\/colturperu.com\/pt\/experiencias\/#breadcrumb\",\"itemListElement\":[{\"@type\":\"ListItem\",\"position\":1,\"name\":\"Portada\",\"item\":\"https:\/\/colturperu.com\/pt\/\"},{\"@type\":\"ListItem\",\"position\":2,\"name\":\"Experi\u00eancias\"}]},{\"@type\":\"WebSite\",\"@id\":\"https:\/\/colturperu.com\/pt\/#website\",\"url\":\"https:\/\/colturperu.com\/pt\/\",\"name\":\"COLTUR\",\"description\":\"Somos un DMC con sede en Per\u00fa. Y, desde 1957, nuestrosclientes nos conf\u00edan el dise\u00f1o de experiencias de viaje extraordinarias yoperaci\u00f3n impecable.\",\"potentialAction\":[{\"@type\":\"SearchAction\",\"target\":{\"@type\":\"EntryPoint\",\"urlTemplate\":\"https:\/\/colturperu.com\/pt\/?s={search_term_string}\"},\"query-input\":{\"@type\":\"PropertyValueSpecification\",\"valueRequired\":true,\"valueName\":\"search_term_string\"}}],\"inLanguage\":\"pt-EU\"}]}<\/script>\n<!-- \/ Yoast SEO plugin. -->","yoast_head_json":{"title":"COLTUR | Experi\u00eancias | O que quer que precises, \u00e9 poss\u00edvel faz\u00ea-lo no Peru, com o COLTUR.","description":"O que quer que precises, \u00e9 poss\u00edvel faz\u00ea-lo no Peru, com o COLTUR. Arte. Cultura. Vive a cultura. Aventura. Natureza. Gastronomia. Bem-estar. Sustentabilidade.","robots":{"index":"index","follow":"follow","max-snippet":"max-snippet:-1","max-image-preview":"max-image-preview:large","max-video-preview":"max-video-preview:-1"},"canonical":"https:\/\/colturperu.com\/pt\/experiencias\/","og_locale":"pt_PT","og_type":"article","og_title":"COLTUR | Experi\u00eancias | O que quer que precises, \u00e9 poss\u00edvel faz\u00ea-lo no Peru, com o COLTUR.","og_description":"O que quer que precises, \u00e9 poss\u00edvel faz\u00ea-lo no Peru, com o COLTUR. Arte. Cultura. Vive a cultura. Aventura. Natureza. Gastronomia. Bem-estar. Sustentabilidade.","og_url":"https:\/\/colturperu.com\/pt\/experiencias\/","og_site_name":"COLTUR","article_modified_time":"2025-05-04T08:37:33+00:00","twitter_card":"summary_large_image","twitter_misc":{"Est. reading time":"4 minutes"},"schema":{"@context":"https:\/\/schema.org","@graph":[{"@type":"WebPage","@id":"https:\/\/colturperu.com\/pt\/experiencias\/","url":"https:\/\/colturperu.com\/pt\/experiencias\/","name":"COLTUR | Experi\u00eancias | O que quer que precises, \u00e9 poss\u00edvel faz\u00ea-lo no Peru, com o COLTUR.","isPartOf":{"@id":"https:\/\/colturperu.com\/pt\/#website"},"datePublished":"2025-03-11T03:56:00+00:00","dateModified":"2025-05-04T08:37:33+00:00","description":"O que quer que precises, \u00e9 poss\u00edvel faz\u00ea-lo no Peru, com o COLTUR. Arte. Cultura. Vive a cultura. Aventura. Natureza. Gastronomia. Bem-estar. Sustentabilidade.","breadcrumb":{"@id":"https:\/\/colturperu.com\/pt\/experiencias\/#breadcrumb"},"inLanguage":"pt-EU","potentialAction":[{"@type":"ReadAction","target":["https:\/\/colturperu.com\/pt\/experiencias\/"]}]},{"@type":"BreadcrumbList","@id":"https:\/\/colturperu.com\/pt\/experiencias\/#breadcrumb","itemListElement":[{"@type":"ListItem","position":1,"name":"Portada","item":"https:\/\/colturperu.com\/pt\/"},{"@type":"ListItem","position":2,"name":"Experi\u00eancias"}]},{"@type":"WebSite","@id":"https:\/\/colturperu.com\/pt\/#website","url":"https:\/\/colturperu.com\/pt\/","name":"COLTUR","description":"Somos un DMC con sede en Per\u00fa. Y, desde 1957, nuestrosclientes nos conf\u00edan el dise\u00f1o de experiencias de viaje extraordinarias yoperaci\u00f3n impecable.","potentialAction":[{"@type":"SearchAction","target":{"@type":"EntryPoint","urlTemplate":"https:\/\/colturperu.com\/pt\/?s={search_term_string}"},"query-input":{"@type":"PropertyValueSpecification","valueRequired":true,"valueName":"search_term_string"}}],"inLanguage":"pt-EU"}]}},"_links":{"self":[{"href":"https:\/\/colturperu.com\/pt\/wp-json\/wp\/v2\/pages\/2144","targetHints":{"allow":["GET"]}}],"collection":[{"href":"https:\/\/colturperu.com\/pt\/wp-json\/wp\/v2\/pages"}],"about":[{"href":"https:\/\/colturperu.com\/pt\/wp-json\/wp\/v2\/types\/page"}],"author":[{"embeddable":true,"href":"https:\/\/colturperu.com\/pt\/wp-json\/wp\/v2\/users\/1"}],"replies":[{"embeddable":true,"href":"https:\/\/colturperu.com\/pt\/wp-json\/wp\/v2\/comments?post=2144"}],"version-history":[{"count":13,"href":"https:\/\/colturperu.com\/pt\/wp-json\/wp\/v2\/pages\/2144\/revisions"}],"predecessor-version":[{"id":2289,"href":"https:\/\/colturperu.com\/pt\/wp-json\/wp\/v2\/pages\/2144\/revisions\/2289"}],"wp:attachment":[{"href":"https:\/\/colturperu.com\/pt\/wp-json\/wp\/v2\/media?parent=2144"}],"curies":[{"name":"wp","href":"https:\/\/api.w.org\/{rel}","templated":true}]}}