{"id":2235,"date":"2025-04-12T21:36:20","date_gmt":"2025-04-13T02:36:20","guid":{"rendered":"https:\/\/colturperu.com\/politica-de-cookies\/"},"modified":"2025-05-04T00:58:58","modified_gmt":"2025-05-04T05:58:58","slug":"politica-de-cookies","status":"publish","type":"page","link":"https:\/\/colturperu.com\/pt\/politica-de-cookies\/","title":{"rendered":"Pol\u00edtica de Cookies"},"content":{"rendered":"<p>[et_pb_section fb_built=&#8221;1&#8243; _builder_version=&#8221;4.27.4&#8243; _module_preset=&#8221;default&#8221; da_disable_devices=&#8221;off|off|off&#8221; global_colors_info=&#8221;{}&#8221; da_is_popup=&#8221;off&#8221; da_exit_intent=&#8221;off&#8221; da_has_close=&#8221;on&#8221; da_alt_close=&#8221;off&#8221; da_dark_close=&#8221;off&#8221; da_not_modal=&#8221;on&#8221; da_is_singular=&#8221;off&#8221; da_with_loader=&#8221;off&#8221; da_has_shadow=&#8221;on&#8221;][et_pb_row _builder_version=&#8221;4.27.4&#8243; _module_preset=&#8221;0435e168-7c2a-4bad-bb1c-2aee0d0ce3ab&#8221; locked=&#8221;off&#8221; global_colors_info=&#8221;{}&#8221;][et_pb_column type=&#8221;4_4&#8243; _builder_version=&#8221;4.27.4&#8243; _module_preset=&#8221;default&#8221; global_colors_info=&#8221;{}&#8221;][et_pb_text _builder_version=&#8221;4.27.4&#8243; _module_preset=&#8221;e5f5bfc6-f7de-400c-bd57-dcea2c67a10f&#8221; global_colors_info=&#8221;{}&#8221;]<\/p>\n<p>Pol\u00edtica de cookies<\/p>\n<p>[\/et_pb_text][\/et_pb_column][\/et_pb_row][et_pb_row _builder_version=&#8221;4.27.4&#8243; _module_preset=&#8221;default&#8221; global_colors_info=&#8221;{}&#8221;][et_pb_column type=&#8221;4_4&#8243; _builder_version=&#8221;4.27.4&#8243; _module_preset=&#8221;default&#8221; global_colors_info=&#8221;{}&#8221;][et_pb_text _builder_version=&#8221;4.27.4&#8243; _module_preset=&#8221;default&#8221; global_colors_info=&#8221;{}&#8221;]<\/p>\n<p>Usamos cookies para mejorar tu experiencia en nuestra p\u00e1gina web.<\/p>\n<p>[\/et_pb_text][et_pb_divider admin_label=&#8221;Spacing&#8221; _builder_version=&#8221;4.27.4&#8243; _module_preset=&#8221;630e54bb-7571-4baf-9be4-0d9ab81ce92a&#8221; global_colors_info=&#8221;{}&#8221;][\/et_pb_divider][et_pb_text _builder_version=&#8221;4.27.4&#8243; _module_preset=&#8221;default&#8221; global_colors_info=&#8221;{}&#8221;]<\/p>\n<p><strong>\u00bfQu\u00e9 cookies usa nuestra p\u00e1gina web?<\/strong><\/p>\n<p>Los tipos de cookie usados en nuestra p\u00e1gina web sirven para diferentes finalidades y pueden entrar en una de las siguientes categor\u00edas:<\/p>\n<ul>\n<li>Cookies estrictamente necesarias.<\/li>\n<li>Cookies funcionales.<\/li>\n<li>Cookies anal\u00edticas.<\/li>\n<\/ul>\n<p>[\/et_pb_text][et_pb_divider admin_label=&#8221;Spacing&#8221; _builder_version=&#8221;4.27.4&#8243; _module_preset=&#8221;630e54bb-7571-4baf-9be4-0d9ab81ce92a&#8221; global_colors_info=&#8221;{}&#8221;][\/et_pb_divider][et_pb_text _builder_version=&#8221;4.27.4&#8243; _module_preset=&#8221;default&#8221; global_colors_info=&#8221;{}&#8221;]<\/p>\n<p><strong>\u00bfSe pueden eliminar las cookies?<\/strong><\/p>\n<p>S\u00ed. Para poder eliminar las cookies debes visitar la configuraci\u00f3n de tu navegador y buscar las que est\u00e9n asociadas al dominio en cuesti\u00f3n para, finalmente, proceder a su eliminaci\u00f3n.<\/p>\n<p>[\/et_pb_text][\/et_pb_column][\/et_pb_row][\/et_pb_section]<\/p>\n","protected":false},"excerpt":{"rendered":"<p>Pol\u00edtica de cookies Usamos cookies para mejorar tu experiencia en nuestra p\u00e1gina web. \u00bfQu\u00e9 cookies usa nuestra p\u00e1gina web? Los tipos de cookie usados en nuestra p\u00e1gina web sirven para diferentes finalidades y pueden entrar en una de las siguientes categor\u00edas: \u00bfSe pueden eliminar las cookies? S\u00ed. Para poder eliminar las cookies debes visitar.<\/p>\n","protected":false},"author":1,"featured_media":0,"parent":0,"menu_order":100,"comment_status":"closed","ping_status":"closed","template":"","meta":{"_et_pb_use_builder":"on","_et_pb_old_content":"","_et_gb_content_width":"","footnotes":""},"class_list":["post-2235","page","type-page","status-publish","hentry"],"yoast_head":"<!-- This site is optimized with the Yoast SEO plugin v26.5 - https:\/\/yoast.com\/wordpress\/plugins\/seo\/ -->\n<title>COLTUR | DMC en Per\u00fa | Experiencias de viaje extraordinarias y operaci\u00f3n impecable | Pol\u00edtica de Cookies<\/title>\n<meta name=\"description\" content=\"Pol\u00edtica de Protecci\u00f3n de Datos Procedimiento para cumplimiento de la Ley de Protecci\u00f3n de Datos Personales N\u00b0 29733 1. Contexto En el Per\u00fa, desde octubre del 2013 se encuentra vigente la Ley N\u00b029733 \u2013 Ley de Protecci\u00f3n de Datos Personales y desde mayo del 2015 es de cumplimiento obligatorio por todas las empresas que operen [\u2026]\" \/>\n<meta name=\"robots\" content=\"index, follow, max-snippet:-1, max-image-preview:large, max-video-preview:-1\" \/>\n<link rel=\"canonical\" href=\"https:\/\/colturperu.com\/pt\/politica-de-cookies\/\" \/>\n<meta property=\"og:locale\" content=\"pt_PT\" \/>\n<meta property=\"og:type\" content=\"article\" \/>\n<meta property=\"og:title\" content=\"COLTUR | DMC en Per\u00fa | Experiencias de viaje extraordinarias y operaci\u00f3n impecable | Pol\u00edtica de Cookies\" \/>\n<meta property=\"og:description\" content=\"Pol\u00edtica de Protecci\u00f3n de Datos Procedimiento para cumplimiento de la Ley de Protecci\u00f3n de Datos Personales N\u00b0 29733 1. Contexto En el Per\u00fa, desde octubre del 2013 se encuentra vigente la Ley N\u00b029733 \u2013 Ley de Protecci\u00f3n de Datos Personales y desde mayo del 2015 es de cumplimiento obligatorio por todas las empresas que operen [\u2026]\" \/>\n<meta property=\"og:url\" content=\"https:\/\/colturperu.com\/pt\/politica-de-cookies\/\" \/>\n<meta property=\"og:site_name\" content=\"COLTUR\" \/>\n<meta property=\"article:modified_time\" content=\"2025-05-04T05:58:58+00:00\" \/>\n<meta name=\"twitter:card\" content=\"summary_large_image\" \/>\n<meta name=\"twitter:label1\" content=\"Est. reading time\" \/>\n\t<meta name=\"twitter:data1\" content=\"2 minutes\" \/>\n<script type=\"application\/ld+json\" class=\"yoast-schema-graph\">{\"@context\":\"https:\/\/schema.org\",\"@graph\":[{\"@type\":\"WebPage\",\"@id\":\"https:\/\/colturperu.com\/pt\/politica-de-cookies\/\",\"url\":\"https:\/\/colturperu.com\/pt\/politica-de-cookies\/\",\"name\":\"COLTUR | DMC en Per\u00fa | Experiencias de viaje extraordinarias y operaci\u00f3n impecable | Pol\u00edtica de Cookies\",\"isPartOf\":{\"@id\":\"https:\/\/colturperu.com\/pt\/#website\"},\"datePublished\":\"2025-04-13T02:36:20+00:00\",\"dateModified\":\"2025-05-04T05:58:58+00:00\",\"description\":\"Pol\u00edtica de Protecci\u00f3n de Datos Procedimiento para cumplimiento de la Ley de Protecci\u00f3n de Datos Personales N\u00b0 29733 1. Contexto En el Per\u00fa, desde octubre del 2013 se encuentra vigente la Ley N\u00b029733 \u2013 Ley de Protecci\u00f3n de Datos Personales y desde mayo del 2015 es de cumplimiento obligatorio por todas las empresas que operen [\u2026]\",\"breadcrumb\":{\"@id\":\"https:\/\/colturperu.com\/pt\/politica-de-cookies\/#breadcrumb\"},\"inLanguage\":\"pt-EU\",\"potentialAction\":[{\"@type\":\"ReadAction\",\"target\":[\"https:\/\/colturperu.com\/pt\/politica-de-cookies\/\"]}]},{\"@type\":\"BreadcrumbList\",\"@id\":\"https:\/\/colturperu.com\/pt\/politica-de-cookies\/#breadcrumb\",\"itemListElement\":[{\"@type\":\"ListItem\",\"position\":1,\"name\":\"Portada\",\"item\":\"https:\/\/colturperu.com\/pt\/\"},{\"@type\":\"ListItem\",\"position\":2,\"name\":\"Pol\u00edtica de Cookies\"}]},{\"@type\":\"WebSite\",\"@id\":\"https:\/\/colturperu.com\/pt\/#website\",\"url\":\"https:\/\/colturperu.com\/pt\/\",\"name\":\"COLTUR\",\"description\":\"Somos un DMC con sede en Per\u00fa. Y, desde 1957, nuestrosclientes nos conf\u00edan el dise\u00f1o de experiencias de viaje extraordinarias yoperaci\u00f3n impecable.\",\"potentialAction\":[{\"@type\":\"SearchAction\",\"target\":{\"@type\":\"EntryPoint\",\"urlTemplate\":\"https:\/\/colturperu.com\/pt\/?s={search_term_string}\"},\"query-input\":{\"@type\":\"PropertyValueSpecification\",\"valueRequired\":true,\"valueName\":\"search_term_string\"}}],\"inLanguage\":\"pt-EU\"}]}<\/script>\n<!-- \/ Yoast SEO plugin. -->","yoast_head_json":{"title":"COLTUR | DMC en Per\u00fa | Experiencias de viaje extraordinarias y operaci\u00f3n impecable | Pol\u00edtica de Cookies","description":"Pol\u00edtica de Protecci\u00f3n de Datos Procedimiento para cumplimiento de la Ley de Protecci\u00f3n de Datos Personales N\u00b0 29733 1. Contexto En el Per\u00fa, desde octubre del 2013 se encuentra vigente la Ley N\u00b029733 \u2013 Ley de Protecci\u00f3n de Datos Personales y desde mayo del 2015 es de cumplimiento obligatorio por todas las empresas que operen [\u2026]","robots":{"index":"index","follow":"follow","max-snippet":"max-snippet:-1","max-image-preview":"max-image-preview:large","max-video-preview":"max-video-preview:-1"},"canonical":"https:\/\/colturperu.com\/pt\/politica-de-cookies\/","og_locale":"pt_PT","og_type":"article","og_title":"COLTUR | DMC en Per\u00fa | Experiencias de viaje extraordinarias y operaci\u00f3n impecable | Pol\u00edtica de Cookies","og_description":"Pol\u00edtica de Protecci\u00f3n de Datos Procedimiento para cumplimiento de la Ley de Protecci\u00f3n de Datos Personales N\u00b0 29733 1. Contexto En el Per\u00fa, desde octubre del 2013 se encuentra vigente la Ley N\u00b029733 \u2013 Ley de Protecci\u00f3n de Datos Personales y desde mayo del 2015 es de cumplimiento obligatorio por todas las empresas que operen [\u2026]","og_url":"https:\/\/colturperu.com\/pt\/politica-de-cookies\/","og_site_name":"COLTUR","article_modified_time":"2025-05-04T05:58:58+00:00","twitter_card":"summary_large_image","twitter_misc":{"Est. reading time":"2 minutes"},"schema":{"@context":"https:\/\/schema.org","@graph":[{"@type":"WebPage","@id":"https:\/\/colturperu.com\/pt\/politica-de-cookies\/","url":"https:\/\/colturperu.com\/pt\/politica-de-cookies\/","name":"COLTUR | DMC en Per\u00fa | Experiencias de viaje extraordinarias y operaci\u00f3n impecable | Pol\u00edtica de Cookies","isPartOf":{"@id":"https:\/\/colturperu.com\/pt\/#website"},"datePublished":"2025-04-13T02:36:20+00:00","dateModified":"2025-05-04T05:58:58+00:00","description":"Pol\u00edtica de Protecci\u00f3n de Datos Procedimiento para cumplimiento de la Ley de Protecci\u00f3n de Datos Personales N\u00b0 29733 1. Contexto En el Per\u00fa, desde octubre del 2013 se encuentra vigente la Ley N\u00b029733 \u2013 Ley de Protecci\u00f3n de Datos Personales y desde mayo del 2015 es de cumplimiento obligatorio por todas las empresas que operen [\u2026]","breadcrumb":{"@id":"https:\/\/colturperu.com\/pt\/politica-de-cookies\/#breadcrumb"},"inLanguage":"pt-EU","potentialAction":[{"@type":"ReadAction","target":["https:\/\/colturperu.com\/pt\/politica-de-cookies\/"]}]},{"@type":"BreadcrumbList","@id":"https:\/\/colturperu.com\/pt\/politica-de-cookies\/#breadcrumb","itemListElement":[{"@type":"ListItem","position":1,"name":"Portada","item":"https:\/\/colturperu.com\/pt\/"},{"@type":"ListItem","position":2,"name":"Pol\u00edtica de Cookies"}]},{"@type":"WebSite","@id":"https:\/\/colturperu.com\/pt\/#website","url":"https:\/\/colturperu.com\/pt\/","name":"COLTUR","description":"Somos un DMC con sede en Per\u00fa. Y, desde 1957, nuestrosclientes nos conf\u00edan el dise\u00f1o de experiencias de viaje extraordinarias yoperaci\u00f3n impecable.","potentialAction":[{"@type":"SearchAction","target":{"@type":"EntryPoint","urlTemplate":"https:\/\/colturperu.com\/pt\/?s={search_term_string}"},"query-input":{"@type":"PropertyValueSpecification","valueRequired":true,"valueName":"search_term_string"}}],"inLanguage":"pt-EU"}]}},"_links":{"self":[{"href":"https:\/\/colturperu.com\/pt\/wp-json\/wp\/v2\/pages\/2235","targetHints":{"allow":["GET"]}}],"collection":[{"href":"https:\/\/colturperu.com\/pt\/wp-json\/wp\/v2\/pages"}],"about":[{"href":"https:\/\/colturperu.com\/pt\/wp-json\/wp\/v2\/types\/page"}],"author":[{"embeddable":true,"href":"https:\/\/colturperu.com\/pt\/wp-json\/wp\/v2\/users\/1"}],"replies":[{"embeddable":true,"href":"https:\/\/colturperu.com\/pt\/wp-json\/wp\/v2\/comments?post=2235"}],"version-history":[{"count":1,"href":"https:\/\/colturperu.com\/pt\/wp-json\/wp\/v2\/pages\/2235\/revisions"}],"predecessor-version":[{"id":2236,"href":"https:\/\/colturperu.com\/pt\/wp-json\/wp\/v2\/pages\/2235\/revisions\/2236"}],"wp:attachment":[{"href":"https:\/\/colturperu.com\/pt\/wp-json\/wp\/v2\/media?parent=2235"}],"curies":[{"name":"wp","href":"https:\/\/api.w.org\/{rel}","templated":true}]}}